{"id":18,"date":"2019-10-29T10:57:49","date_gmt":"2019-10-29T09:57:49","guid":{"rendered":"https:\/\/turnen.klaweb.de\/cms\/?page_id=18"},"modified":"2025-01-17T09:17:44","modified_gmt":"2025-01-17T08:17:44","slug":"impressum-und-datenschutzerklaerung","status":"publish","type":"page","link":"https:\/\/turnen.klaweb.de\/cms\/impressum-und-datenschutzerklaerung\/","title":{"rendered":"Impressum \/ Datenschutz"},"content":{"rendered":"\n<p>Dies ist eine rein private, nicht gewerbliche Website. Es liegen \nkeine Inhalte vor, die nur gegen Entgelt zu sehen sind. Es werden keine \nWerbeanzeigen geschaltet. Es gibt nichts zu kaufen oder zu leihen.<\/p>\n\n\n\n<p>Angaben gem\u00e4\u00df aktueller Gesetzeslage:<\/p>\n\n\n\n<p>Gerd Klaassen<br>Emder Str. 14<br>D-26632 Ihlow<br>\u2013 Germany \u2013<br>E-Mail: mail@klaweb.de<\/p>\n\n\n\n<h2 class=\"wp-block-heading\" id=\"copyright-urheberrecht\">Copyright \/ Urheberrecht<\/h2>\n\n\n\n<p><strong>Alle Fotos und Texte, soweit nicht anders angegeben, stammen vom Autor dieser Seiten.<\/strong><\/p>\n\n\n\n<p><strong>Alle Fotos, Bilder, \nZeichnungen, Graphiken und Daten dieser Website unterliegen dem \nUrheberrecht (Copyright) und d\u00fcrfen ohne meine vorherige Zustimmung \nnicht f\u00fcr andere Zwecke, auch nicht der Aufnahme in elektronischen \nArchiven verwendet werden.<\/strong> <\/p>\n\n\n\n<p>Dies gilt ausdr\u00fccklich auch f\u00fcr die elektronische Weiterverwendung, \nauch in ge\u00e4nderter Form, ebenso f\u00fcr Layout und Pr\u00e4sentationsvorlagen. \nM\u00f6chten Sie Teile dieser Website f\u00fcr eigene Zwecke verwenden, sprechen \nSie mich bitte an. Das Laden meiner Bilder in soziale Netzwerke wie \nFacebook, Twitter, Instagram usw. ist ohne vorherige R\u00fccksprache mit mir\n nicht gestattet. <br>Alle Rechte vorbehalten.<\/p>\n\n\n\n<p>Alle Markennamen, Firmennamen oder Logos sind Warenzeichen der jeweiligen Unternehmen bzw. Rechteinhaber.<\/p>\n\n\n\n<h2 class=\"wp-block-heading\" id=\"DSVGO\">Datenschutzerkl\u00e4rung und<br>Haftungsausschluss \/ Disclaimer<\/h2>\n\n\n\n<ol class=\"wp-block-list\">\n<li><strong>Diese Webseite ist vollst\u00e4ndig privat und nicht gewerblich<\/strong>,  es werden keine Dienste bereitgestellt, die sonst nur gegen Entgelt  verf\u00fcgbar sind. Es werden keine Werbeanzeigen geschaltet. Es gibt nichts  zu kaufen oder zu leihen.<\/li>\n\n\n\n<li><strong>Geltungsbereich<\/strong> <strong>gem\u00e4\u00df europ\u00e4ischer Datenschutzgrundverordnung (DSGVO)<\/strong><br>Diese  Datenschutzerkl\u00e4rung soll die Nutzer dieser Website\u00a0 \u00fcber die Art, den  Umfang und den Zweck der Erhebung und Verwendung personenbezogener Daten  durch den Websitebetreiber informieren. Der Websitebetreiber nimmt  Ihren Datenschutz sehr ernst und behandelt Ihre personenbezogenen Daten  vertraulich und entsprechend der gesetzlichen Vorschriften. Bedenken  Sie, dass die Daten\u00fcbertragung im Internet grunds\u00e4tzlich mit  Sicherheitsl\u00fccken bedacht sein kann. Ein vollumf\u00e4nglicher Schutz vor dem  Zugriff durch Fremde ist nicht realisierbar.<\/li>\n\n\n\n<li>Sofern innerhalb des Internetangebotes die M\u00f6glichkeit zur Eingabe <strong>pers\u00f6nlicher oder gesch\u00e4ftlicher Daten<\/strong>  (E-Mail-Adressen, Namen, Anschriften etc.) besteht, so erfolgt die  Preisgabe dieser Daten seitens des Nutzers auf ausdr\u00fccklich freiwilliger  Basis. Die Inanspruchnahme aller angebotenen Dienste ist \u2013 soweit  technisch m\u00f6glich und zumutbar \u2013 auch ohne Angabe solcher Daten bzw.  unter Angabe anonymisierter Daten oder eines Pseudonyms gestattet. Die  Nutzung der im Rahmen des Impressums oder vergleichbarer Angaben  ver\u00f6ffentlichten Kontaktdaten wie Postanschriften, Telefon- und  Faxnummern sowie E-Mail-Adressen durch Dritte zur \u00dcbersendung von nicht  ausdr\u00fccklich angeforderten Informationen ist nicht gestattet. Rechtliche  Schritte gegen die Versender von sogenannten Spam-Mails bei Verst\u00f6\u00dfen  gegen dieses Verbot sind ausdr\u00fccklich vorbehalten.<\/li>\n\n\n\n<li><strong>Cookies<\/strong><br>Diese  Website verwendet teilweise Cookies. Das sind kleine Textdateien, die  Ihr Webbrowser auf Ihrem Endger\u00e4t speichert. Cookies helfen dabei, die  Website\u00a0 nutzerfreundlicher, effektiver und sicherer zu machen. Einige  Cookies sind \u201cSession-Cookies.\u201d Solche Cookies werden nach Ende Ihrer  Browser-Sitzung von selbst gel\u00f6scht. Hingegen bleiben andere Cookies auf  Ihrem Endger\u00e4t bestehen, bis Sie diese selbst l\u00f6schen. Solche Cookies  helfen, Sie bei R\u00fcckkehr auf diese Website wiederzuerkennen. Mit einem  modernen Webbrowser k\u00f6nnen Sie das Setzen von Cookies \u00fcberwachen,  einschr\u00e4nken oder unterbinden.  Alle modernen Browser bieten zudem die  M\u00f6glichkeit, Cookies entweder  ganz auszuschalten oder sie manuell oder  automatisch zu l\u00f6schen.  Das Setzen von Cookies, die zur Aus\u00fcbung  elektronischer Kommunikationsvorg\u00e4nge notwendig sind, erfolgt auf  Grundlage von Art. 6 Abs. 1 lit. f DSGVO. F\u00fcr den Betreiber dieser  Website besteht ein berechtigtes Interesse an der Speicherung von  Cookies zur technisch fehlerfreien und reibungslosen Bereitstellung der  Dienste. <\/li>\n\n\n\n<li><strong>Youtube \/ eingebettete Videos<\/strong><br>F\u00fcr Integration und Darstellung von Videoinhalten nutzt diese Website eventuell den Dienst des Videoportals YouTube des Anbieters Google LLC, 1600 Amphitheatre Parkway, Mountain View, CA 94043, USA.<br>Datenschutzerkl\u00e4rung: <a href=\"https:\/\/www.google.com\/policies\/privacy\/\" target=\"_blank\" rel=\"noreferrer noopener\">https:\/\/www.google.com\/policies\/privacy\/<\/a><br>Opt-Out: <a href=\"https:\/\/adssettings.google.com\/authenticated\" target=\"_blank\" rel=\"noreferrer noopener\">https:\/\/adssettings.google.com\/authenticated<\/a>.<br>Bei  Aufruf einer Seite mit eingebettetem YouTube-Video wird eine Verbindung  zu den Servern von YouTube hergestellt. YouTube erf\u00e4hrt hierdurch,  welche der Seiten Sie aufgerufen haben. YouTube kann Ihr Surfverhalten  direkt Ihrem pers\u00f6nlichen Profil zuzuordnen, sollten Sie in Ihrem  YouTube Konto eingeloggt sein. Durch vorheriges Ausloggen haben Sie die  M\u00f6glichkeit, dies zu unterbinden. Die Nutzung von YouTube erfolgt im  Interesse einer ansprechenden Darstellung der Online-Angebote. Dies  stellt ein berechtigtes Interesse im Sinne von Art. 6 Abs. 1 lit. f  DSGVO dar.<\/li>\n\n\n\n<li><strong>Kommentare<\/strong><br>Um  Artikel kommentieren zu k\u00f6nnen, m\u00fcssen ein frei w\u00e4hlbarer Name und eine  frei w\u00e4hlbare E-Mail-Adresse eingegeben werden. Die E-Mail-Adresse wird  nicht ver\u00f6ffentlicht oder an Dritte weitergegeben und dient zur  Vereinfachung der Spam-Abwehr. Hinterlassen Sie auf dieser Website einen  Beitrag oder Kommentar, wird Ihre IP-Adresse gespeichert. Dies dient  der Sicherheit des Websitebetreibers und entspricht den aktuell  geltenden Vorschriften, denn wenn ein Text gegen das Recht  verst\u00f6\u00dft  ,  muss er die Identit\u00e4t nachverfolgen k\u00f6nnen. Die IP-Adresse wird nicht  ver\u00f6ffentlicht.<\/li>\n\n\n\n<li><strong>Aktualit\u00e4t, Korrektheit, Vollst\u00e4ndigkeit oder Qualit\u00e4t der bereitgestellten Informationen<\/strong>.<br>Der  Autor \u00fcbernimmt keinerlei Gew\u00e4hr f\u00fcr die Aktualit\u00e4t, Korrektheit,  Vollst\u00e4ndigkeit oder Qualit\u00e4t der bereitgestellten Informationen.  Haftungsanspr\u00fcche gegen den Autor, welche sich auf Sch\u00e4den materieller  oder ideeller Art beziehen, die durch die Nutzung oder Nichtnutzung der  dargebotenen Informationen bzw. durch die Nutzung fehlerhafter und  unvollst\u00e4ndiger Informationen verursacht wurden sind grunds\u00e4tzlich  ausgeschlossen, sofern seitens des Autors kein nachweislich  vors\u00e4tzliches oder grob fahrl\u00e4ssiges Verschulden vorliegt.  Der Autor  beh\u00e4lt es sich ausdr\u00fccklich vor, Teile der Seiten oder die gesamte  Website ohne gesonderte Ank\u00fcndigung zu ver\u00e4ndern, zu erg\u00e4nzen, zu  l\u00f6schen oder die Ver\u00f6ffentlichung zeitweise oder endg\u00fcltig einzustellen.<\/li>\n\n\n\n<li><strong>Speicherung von Daten<br><\/strong>Der  Seitenprovider (\u201eWebserver\u201c) erhebt nach geltendem Recht Daten \u00fcber  Zugriffe auf die Seite und speichert diese als \u201eServer-Logfiles\u201c ab.  Folgende Daten werden so protokolliert:<br>\u2022 Besuchte Website<br>\u2022 Uhrzeit zum Zeitpunkt des Zugriffes<br>\u2022 Menge der gesendeten Daten in Byte<br>\u2022 Quelle\/Verweis, von welchem Sie auf die Seite gelangten<br>\u2022 Verwendeter Browser<br>\u2022 Verwendetes Betriebssystem<br>\u2022 Verwendete IP-Adresse<br>Die  erhobenen Daten dienen lediglich statistischen Auswertungen und zur  Verbesserung der Website. Die Herstellung eines Personenbezugs ist damit  nicht m\u00f6glich. Der Websitebetreiber beh\u00e4lt sich allerdings vor, die  Server-Logfiles nachtr\u00e4glich zu \u00fcberpr\u00fcfen, sollten konkrete  Anhaltspunkte auf eine rechtswidrige Nutzung hinweisen.Die  Logdateien werden f\u00fcr nach den jeweils aktuellen gesetzlichen Vorgaben  eine kurze Zeit vom Webhoster gespeichert und danach automatisch  gel\u00f6scht.<\/li>\n\n\n\n<li><strong>Verweise und Links<\/strong><br>Trotz  sorgf\u00e4ltiger inhaltlicher Kontrolle \u00fcbernehme ich keine Haftung f\u00fcr die  Inhalte externer Links. F\u00fcr den Inhalt der verlinkten Seiten sind  ausschlie\u00dflich deren Betreiber verantwortlich.<\/li>\n<\/ol>\n","protected":false},"excerpt":{"rendered":"<p>Dies ist eine rein private, nicht gewerbliche Website. Es liegen keine Inhalte vor, die nur gegen Entgelt zu sehen sind. Es werden keine Werbeanzeigen geschaltet. Es gibt nichts zu kaufen oder zu leihen. Angaben gem\u00e4\u00df aktueller Gesetzeslage: Gerd KlaassenEmder Str. 14D-26632 Ihlow\u2013 Germany \u2013E-Mail: mail@klaweb.de Copyright \/ Urheberrecht Alle Fotos und Texte, soweit nicht anders [&hellip;]<\/p>\n","protected":false},"author":1,"featured_media":35,"parent":0,"menu_order":0,"comment_status":"closed","ping_status":"closed","template":"","meta":{"footnotes":""},"class_list":["post-18","page","type-page","status-publish","has-post-thumbnail","hentry"],"_links":{"self":[{"href":"https:\/\/turnen.klaweb.de\/cms\/wp-json\/wp\/v2\/pages\/18","targetHints":{"allow":["GET"]}}],"collection":[{"href":"https:\/\/turnen.klaweb.de\/cms\/wp-json\/wp\/v2\/pages"}],"about":[{"href":"https:\/\/turnen.klaweb.de\/cms\/wp-json\/wp\/v2\/types\/page"}],"author":[{"embeddable":true,"href":"https:\/\/turnen.klaweb.de\/cms\/wp-json\/wp\/v2\/users\/1"}],"replies":[{"embeddable":true,"href":"https:\/\/turnen.klaweb.de\/cms\/wp-json\/wp\/v2\/comments?post=18"}],"version-history":[{"count":5,"href":"https:\/\/turnen.klaweb.de\/cms\/wp-json\/wp\/v2\/pages\/18\/revisions"}],"predecessor-version":[{"id":215,"href":"https:\/\/turnen.klaweb.de\/cms\/wp-json\/wp\/v2\/pages\/18\/revisions\/215"}],"wp:featuredmedia":[{"embeddable":true,"href":"https:\/\/turnen.klaweb.de\/cms\/wp-json\/wp\/v2\/media\/35"}],"wp:attachment":[{"href":"https:\/\/turnen.klaweb.de\/cms\/wp-json\/wp\/v2\/media?parent=18"}],"curies":[{"name":"wp","href":"https:\/\/api.w.org\/{rel}","templated":true}]}}