{"id":179,"date":"2024-05-17T11:05:11","date_gmt":"2024-05-17T09:05:11","guid":{"rendered":"https:\/\/turnen.klaweb.de\/cms\/?page_id=179"},"modified":"2024-09-24T08:34:20","modified_gmt":"2024-09-24T06:34:20","slug":"qr-code-generator","status":"publish","type":"page","link":"https:\/\/turnen.klaweb.de\/cms\/qr-code-generator\/","title":{"rendered":"QR Code Generator"},"content":{"rendered":"\n<p class=\"has-text-align-center\">Ob Vereinsplakat, Spendenaktion oder Turnwettkampf, ein QR-Code sorgt f\u00fcr schnellen Zugriff mit dem Smartphone.<\/p>\n\n\n\n<p class=\"has-text-align-center\"><strong>Einfach den Link (URL) eingeben und Enter dr\u00fccken<\/strong>, fertig ist die Graphik, die sich anschlie\u00dfend speichern <em>(rechte Maustaste,  Bild speichern unter oder Bild kopieren)<\/em> und in jedes Textdokument einf\u00fcgen l\u00e4sst.<\/p>\n\n\n\n<p class=\"has-text-align-center has-small-font-size\">Kostenlos, ohne E-Mail oder Registrierung. <\/p>\n\n\n\n<div style=\"text-align: center;\"><input id=\"text\" type=\"text\" value=\"https:\/\/emderturnverein.de\/\" onclick=\"this.value=''\" style=\"width:400px\" \/><\/div>\n<div id=\"qrcode\" style=\"width:200px; height:200px; margin-top:15px;\"><\/div>\n\n<script type=\"text\/javascript\" src=\"https:\/\/turnen.klaweb.de\/cms\/php\/jquery.min.js\"><\/script>\n<script type=\"text\/javascript\" src=\"https:\/\/turnen.klaweb.de\/cms\/php\/qrcode.min.js\"><\/script>\n\n<script type=\"text\/javascript\">\nvar qrcode = new QRCode(document.getElementById(\"qrcode\"), {\n\twidth : 200,\n\theight : 200\n});\n\nfunction makeCode () {\t\t\n\tvar elText = document.getElementById(\"text\");\n\t\n\/\/ Endlosschleife\n\/\/\tif (!elText.value) {\n\/\/\t\talert(\"Bitte Text\/URL eingeben!\");\n\/\/\t\telText.focus();\n\/\/\t\treturn;\n\/\/\t}\n\t\n\tqrcode.makeCode(elText.value);\n}\n\nmakeCode();\n\n$(\"#text\").\n\ton(\"blur\", function () {\n\t\tmakeCode();\n\t}).\n\ton(\"keydown\", function (e) {\n\t\tif (e.keyCode == 13) {\n\t\t\tmakeCode();\n\t\t}\n\t});\n<\/script>\n\n\n\n<p class=\"has-text-align-center has-accent-color has-text-color has-link-color has-small-font-size wp-elements-ce3882bf8e3eaf7ed48394d75723957d\">Erstellt unter Verwendung von <a href=\"https:\/\/github.com\/davidshimjs\">QRCode.js<\/a><\/p>\n","protected":false},"excerpt":{"rendered":"<p>Ob Vereinsplakat, Spendenaktion oder Turnwettkampf, ein QR-Code sorgt f\u00fcr schnellen Zugriff mit dem Smartphone. Einfach den Link (URL) eingeben und Enter dr\u00fccken, fertig ist die Graphik, die sich anschlie\u00dfend speichern (rechte Maustaste, Bild speichern unter oder Bild kopieren) und in jedes Textdokument einf\u00fcgen l\u00e4sst. Kostenlos, ohne E-Mail oder Registrierung. Erstellt unter Verwendung von QRCode.js<\/p>\n","protected":false},"author":1,"featured_media":0,"parent":0,"menu_order":0,"comment_status":"closed","ping_status":"closed","template":"","meta":{"footnotes":""},"class_list":["post-179","page","type-page","status-publish","hentry"],"_links":{"self":[{"href":"https:\/\/turnen.klaweb.de\/cms\/wp-json\/wp\/v2\/pages\/179","targetHints":{"allow":["GET"]}}],"collection":[{"href":"https:\/\/turnen.klaweb.de\/cms\/wp-json\/wp\/v2\/pages"}],"about":[{"href":"https:\/\/turnen.klaweb.de\/cms\/wp-json\/wp\/v2\/types\/page"}],"author":[{"embeddable":true,"href":"https:\/\/turnen.klaweb.de\/cms\/wp-json\/wp\/v2\/users\/1"}],"replies":[{"embeddable":true,"href":"https:\/\/turnen.klaweb.de\/cms\/wp-json\/wp\/v2\/comments?post=179"}],"version-history":[{"count":25,"href":"https:\/\/turnen.klaweb.de\/cms\/wp-json\/wp\/v2\/pages\/179\/revisions"}],"predecessor-version":[{"id":213,"href":"https:\/\/turnen.klaweb.de\/cms\/wp-json\/wp\/v2\/pages\/179\/revisions\/213"}],"wp:attachment":[{"href":"https:\/\/turnen.klaweb.de\/cms\/wp-json\/wp\/v2\/media?parent=179"}],"curies":[{"name":"wp","href":"https:\/\/api.w.org\/{rel}","templated":true}]}}